{"id":2,"date":"2020-11-10T00:56:22","date_gmt":"2020-11-10T00:56:22","guid":{"rendered":"https:\/\/rivascf.com\/?page_id=2"},"modified":"2024-12-19T20:41:50","modified_gmt":"2024-12-19T20:41:50","slug":"sample-page","status":"publish","type":"page","link":"https:\/\/rivascf.com\/?page_id=2","title":{"rendered":"Los Toros del Sur"},"content":{"rendered":"\t\t<div data-elementor-type=\"wp-page\" data-elementor-id=\"2\" class=\"elementor elementor-2\">\n\t\t\t\t\t\t<section class=\"elementor-section elementor-top-section elementor-element elementor-element-fc23b34 elementor-section-boxed elementor-section-height-default elementor-section-height-default\" data-id=\"fc23b34\" data-element_type=\"section\">\n\t\t\t\t\t\t<div class=\"elementor-container elementor-column-gap-default\">\n\t\t\t\t\t<div class=\"elementor-column elementor-col-100 elementor-top-column elementor-element elementor-element-e26d17f\" data-id=\"e26d17f\" data-element_type=\"column\">\n\t\t\t<div class=\"elementor-widget-wrap elementor-element-populated\">\n\t\t\t\t\t\t<div class=\"elementor-element elementor-element-260d5e7 elementor-widget elementor-widget-video\" data-id=\"260d5e7\" data-element_type=\"widget\" data-settings=\"{&quot;youtube_url&quot;:&quot;https:\\\/\\\/www.youtube.com\\\/watch?v=ePDGoZo2bs4&quot;,&quot;video_type&quot;:&quot;youtube&quot;,&quot;controls&quot;:&quot;yes&quot;}\" data-widget_type=\"video.default\">\n\t\t\t\t<div class=\"elementor-widget-container\">\n\t\t\t\t\t<div class=\"elementor-wrapper elementor-open-inline\">\n\t\t\t<div class=\"elementor-video\"><\/div>\t\t<\/div>\n\t\t\t\t<\/div>\n\t\t\t\t<\/div>\n\t\t\t\t\t<\/div>\n\t\t<\/div>\n\t\t\t\t\t<\/div>\n\t\t<\/section>\n\t\t\t\t<section class=\"elementor-section elementor-top-section elementor-element elementor-element-928865d elementor-section-boxed elementor-section-height-default elementor-section-height-default\" data-id=\"928865d\" data-element_type=\"section\">\n\t\t\t\t\t\t<div class=\"elementor-container elementor-column-gap-default\">\n\t\t\t\t\t<div class=\"elementor-column elementor-col-66 elementor-top-column elementor-element elementor-element-c798651\" data-id=\"c798651\" data-element_type=\"column\">\n\t\t\t<div class=\"elementor-widget-wrap elementor-element-populated\">\n\t\t\t\t\t\t<div class=\"elementor-element elementor-element-1844c75 elementor-widget elementor-widget-text-editor\" data-id=\"1844c75\" data-element_type=\"widget\" data-widget_type=\"text-editor.default\">\n\t\t\t\t<div class=\"elementor-widget-container\">\n\t\t\t\t\t\t\t<p>Rivas Club de F\u00fatbol\u00a0 o Toros del Sur es un Club de F\u00fatbol que pertenece a la ciudad de Rivas, Nicaragua, actualmente participa en el Torneo Nacional de Segunda Divisi\u00f3n Nacional, fundado en 2017 por\u00a0 Guillermo Ganet (Espa\u00f1a) y Carlos Fari\u00f1as (Nicaragua) logro su ascenso en 2020 logrando clasificarse a Copa Primera en su primera participaci\u00f3n.<\/p>\n<p>Tiene como Sede el Estadio Tom\u00e1s Mendoza ubicado en el municipio de Tola , Departamento de Rivas, su capacidad es de 1500 aficionados en grader\u00edas techadas.<\/p>\t\t\t\t\t\t<\/div>\n\t\t\t\t<\/div>\n\t\t\t\t\t<\/div>\n\t\t<\/div>\n\t\t\t\t<div class=\"elementor-column elementor-col-33 elementor-top-column elementor-element elementor-element-72dbc44\" data-id=\"72dbc44\" data-element_type=\"column\">\n\t\t\t<div class=\"elementor-widget-wrap elementor-element-populated\">\n\t\t\t\t\t\t<div class=\"elementor-element elementor-element-59590d3 elementor-widget elementor-widget-text-editor\" data-id=\"59590d3\" data-element_type=\"widget\" data-widget_type=\"text-editor.default\">\n\t\t\t\t<div class=\"elementor-widget-container\">\n\t\t\t\t\t\t\t<p><img fetchpriority=\"high\" decoding=\"async\" class=\"alignnone size-medium wp-image-595\" src=\"https:\/\/rivascf.com\/wp-content\/uploads\/2022\/09\/20220205_155902-300x225.jpg\" alt=\"\" width=\"300\" height=\"225\" srcset=\"https:\/\/rivascf.com\/wp-content\/uploads\/2022\/09\/20220205_155902-300x225.jpg 300w, https:\/\/rivascf.com\/wp-content\/uploads\/2022\/09\/20220205_155902-1024x768.jpg 1024w, https:\/\/rivascf.com\/wp-content\/uploads\/2022\/09\/20220205_155902-768x576.jpg 768w, https:\/\/rivascf.com\/wp-content\/uploads\/2022\/09\/20220205_155902.jpg 1097w\" sizes=\"(max-width: 300px) 100vw, 300px\" \/>Estadio Municipal de Futbol Tola<\/p>\n<p>Capacidad: 800 Aficionados en Gradas Techada<\/p>\n<p>Aval FENIFUT Copa: SI<\/p>\n<p>Aval FENIFUT Liga: SI<\/p>\t\t\t\t\t\t<\/div>\n\t\t\t\t<\/div>\n\t\t\t\t\t<\/div>\n\t\t<\/div>\n\t\t\t\t\t<\/div>\n\t\t<\/section>\n\t\t\t\t<section class=\"elementor-section elementor-top-section elementor-element elementor-element-1254acbc elementor-section-boxed elementor-section-height-default elementor-section-height-default\" data-id=\"1254acbc\" data-element_type=\"section\">\n\t\t\t\t\t\t<div class=\"elementor-container elementor-column-gap-default\">\n\t\t\t\t\t<div class=\"elementor-column elementor-col-100 elementor-top-column elementor-element elementor-element-50cff373\" data-id=\"50cff373\" data-element_type=\"column\">\n\t\t\t<div class=\"elementor-widget-wrap elementor-element-populated\">\n\t\t\t\t\t\t<div class=\"elementor-element elementor-element-508bb85b elementor-widget elementor-widget-text-editor\" data-id=\"508bb85b\" data-element_type=\"widget\" data-widget_type=\"text-editor.default\">\n\t\t\t\t<div class=\"elementor-widget-container\">\n\t\t\t\t\t\t\t<p>\u00a0<\/p>\n<p><!-- wp:gallery {\"ids\":[40,41,42,44],\"columns\":3,\"linkTo\":\"none\",\"align\":\"center\"} --><\/p>\n<figure class=\"wp-block-gallery aligncenter columns-3 is-cropped\"><\/figure>\n<p><!-- \/wp:gallery --><\/p>\n<p>\u00a0<\/p>\n<p><!-- wp:paragraph --><\/p>\n<p><!-- \/wp:paragraph --><\/p>\n<p>Ha llegado el momento de respetar los procesos y garantizar la continuidad del club , no podemos nosotros como dirigentes tomar el camino f\u00e1cil y evadir el trabajo en todos sus componentes.<\/p>\n<blockquote class=\"wp-block-quote\">\n<p><cite>\u00abCarlos Fari\u00f1as &#8211; Fundador del Club\u00bb<\/cite><\/p>\n<p>\u00a0<\/p>\n<\/blockquote>\n<p><!-- \/wp:quote --><\/p>\n<p>\u00a0<\/p>\n<p><!-- wp:paragraph --><\/p>\n<p><!-- \/wp:paragraph --><\/p>\n<p>\u00a0<\/p>\n<p><!-- wp:heading --><\/p>\n<h2>\u00a0<\/h2>\n<h2>Conoce a MINUS!!!!<\/h2>\n<p><!-- \/wp:heading --><\/p>\n<p>\u00a0<\/p>\n<p><!-- wp:paragraph --><\/p>\n<p>Minus representa la fortaleza de un pueblo trabajador que se dedic\u00f3 en su mayor\u00eda a la ganader\u00eda y agricultura como base de las actividades econ\u00f3micas, Rivas en la historia fue el primer departamento que introdujo la ganader\u00eda al pa\u00eds.<\/p>\n<p><!-- \/wp:paragraph --><\/p>\n<p>\u00a0<\/p>\n<p><!-- wp:image {\"align\":\"center\",\"id\":47,\"sizeSlug\":\"medium\"} --><\/p>\n<figure><img decoding=\"async\" src=\"https:\/\/rivascf.com\/wp-content\/uploads\/2020\/11\/Toro-rojo-300x244.png\" alt=\"\" \/><\/figure>\n<p><!-- \/wp:image --><\/p>\n<p>\u00a0<\/p>\t\t\t\t\t\t<\/div>\n\t\t\t\t<\/div>\n\t\t\t\t\t<\/div>\n\t\t<\/div>\n\t\t\t\t\t<\/div>\n\t\t<\/section>\n\t\t\t\t<\/div>\n\t\t","protected":false},"excerpt":{"rendered":"<p>https:\/\/www.youtube.com\/watch?v=ePDGoZo2bs4 Rivas Club de F\u00fatbol\u00a0 o Toros del Sur es un Club de F\u00fatbol que pertenece a la ciudad de Rivas, Nicaragua, actualmente participa en el Torneo Nacional de Segunda Divisi\u00f3n Nacional, fundado en 2017 por\u00a0 Guillermo Ganet (Espa\u00f1a) y Carlos Fari\u00f1as (Nicaragua) logro su ascenso en 2020 logrando clasificarse a Copa Primera en su<\/p>\n<a href=\"https:\/\/rivascf.com\/?page_id=2\" class=\"btn frontech-btn\"><span><\/span>Leer m\u00e1s<\/a>","protected":false},"author":1,"featured_media":0,"parent":0,"menu_order":0,"comment_status":"closed","ping_status":"closed","template":"","meta":{"footnotes":""},"class_list":["post-2","page","type-page","status-publish","hentry"],"_links":{"self":[{"href":"https:\/\/rivascf.com\/index.php?rest_route=\/wp\/v2\/pages\/2","targetHints":{"allow":["GET"]}}],"collection":[{"href":"https:\/\/rivascf.com\/index.php?rest_route=\/wp\/v2\/pages"}],"about":[{"href":"https:\/\/rivascf.com\/index.php?rest_route=\/wp\/v2\/types\/page"}],"author":[{"embeddable":true,"href":"https:\/\/rivascf.com\/index.php?rest_route=\/wp\/v2\/users\/1"}],"replies":[{"embeddable":true,"href":"https:\/\/rivascf.com\/index.php?rest_route=%2Fwp%2Fv2%2Fcomments&post=2"}],"version-history":[{"count":36,"href":"https:\/\/rivascf.com\/index.php?rest_route=\/wp\/v2\/pages\/2\/revisions"}],"predecessor-version":[{"id":835,"href":"https:\/\/rivascf.com\/index.php?rest_route=\/wp\/v2\/pages\/2\/revisions\/835"}],"wp:attachment":[{"href":"https:\/\/rivascf.com\/index.php?rest_route=%2Fwp%2Fv2%2Fmedia&parent=2"}],"curies":[{"name":"wp","href":"https:\/\/api.w.org\/{rel}","templated":true}]}}