{"id":62,"date":"2020-11-12T16:47:24","date_gmt":"2020-11-12T16:47:24","guid":{"rendered":"https:\/\/rivascf.com\/?page_id=62"},"modified":"2024-12-03T21:44:18","modified_gmt":"2024-12-03T21:44:18","slug":"quienes-somos","status":"publish","type":"page","link":"https:\/\/rivascf.com\/?page_id=62","title":{"rendered":"Quienes Somos?"},"content":{"rendered":"\t\t<div data-elementor-type=\"wp-page\" data-elementor-id=\"62\" class=\"elementor elementor-62\">\n\t\t\t\t\t\t<section class=\"elementor-section elementor-top-section elementor-element elementor-element-f710aa8 elementor-section-boxed elementor-section-height-default elementor-section-height-default\" data-id=\"f710aa8\" data-element_type=\"section\">\n\t\t\t\t\t\t<div class=\"elementor-container elementor-column-gap-default\">\n\t\t\t\t\t<div class=\"elementor-column elementor-col-100 elementor-top-column elementor-element elementor-element-7829147c\" data-id=\"7829147c\" data-element_type=\"column\">\n\t\t\t<div class=\"elementor-widget-wrap elementor-element-populated\">\n\t\t\t\t\t\t<div class=\"elementor-element elementor-element-66dc4082 elementor-widget elementor-widget-text-editor\" data-id=\"66dc4082\" data-element_type=\"widget\" data-widget_type=\"text-editor.default\">\n\t\t\t\t<div class=\"elementor-widget-container\">\n\t\t\t\t\t\t\t<p><!-- wp:paragraph {\"align\":\"left\",\"dropCap\":true} --><\/p>\n<p class=\"has-drop-cap has-text-align-left\">Rivas Club de F\u00fatbol es un club representativo del departamento de Rivas, fundado en 2017 por Guillermo Ganet (ESP), Giovanni Caprotti (ITA) y Carlos Fari\u00f1as (Nicaragua), logr\u00f3 su ascenso a la segunda divisi\u00f3n nacional de f\u00fatbol en 2020, actualmente cuenta con futbolistas de todos los municipios de Rivas, juega como local en el Estadio Tom\u00e1s Mendoza de Tola, su apodo mas utilizado es \u00abLos Toros del Sur\u00bb y a su afici\u00f3n la llaman \u00abEl Reba\u00f1o\u00bb, su mascota es llamado \u00abMinus\u00bb la cual es un toro con apariencia humana que caracteriza la ganader\u00eda como actividad econ\u00f3mica que identifica al departamento de Rivas a trav\u00e9s de la historia, siendo el primer departamento en Nicaragua en introducir la Ganader\u00eca.<\/p>\n<p><!-- \/wp:paragraph --><\/p>\n<p><!-- wp:columns --><\/p>\n<div class=\"wp-block-columns\">\n<p><!-- wp:column --><\/p>\n<div class=\"wp-block-column\">\n<p><!-- wp:paragraph --><\/p>\n<p><strong>Misi\u00f3n Deportiva<\/strong><\/p>\n<p><!-- \/wp:paragraph --><\/p>\n<p><!-- wp:paragraph --><\/p>\n<p>Convertir a RIVAS C.F en uno de los mejores clubes de f\u00fatbol en la Liga de f\u00fatbol NICARAGUA, en su estructura, imagen profesional, organizaci\u00f3n interna y externa. &nbsp; &nbsp;<\/p>\n<p><!-- \/wp:paragraph --><\/p>\n<\/div>\n<p><!-- \/wp:column --><\/p>\n<p><!-- wp:column --><\/p>\n<div class=\"wp-block-column\">\n<p><!-- wp:paragraph --><\/p>\n<p><strong>Visi\u00f3n<\/strong><\/p>\n<p><!-- \/wp:paragraph --><\/p>\n<p><!-- wp:paragraph --><\/p>\n<p>Desarollar un club estable con estrategias de alianzas con&nbsp; empresarios, Instituciones P\u00fablicas y sectores deportivos para crecer como un proyecto rentable.<\/p>\n<p><\/p>\n<p><!-- \/wp:paragraph --><\/p>\n<\/div>\n<p><!-- \/wp:column --><\/p>\n<\/div>\n<p><!-- \/wp:columns --><\/p>\n<p><!-- wp:paragraph --><\/p>\n<p><!-- \/wp:paragraph --><\/p>\n<p><!-- wp:table --><\/p>\n<figure class=\"wp-block-table\"><strong>JUNTA DIRECTIVA 2024-2025<\/strong><\/figure>\n<p><strong>PRESIDENTE&nbsp; &nbsp;<\/strong>Carlos Fari\u00f1as.<\/p>\n<p><strong>VICE PRESIDENTE&nbsp; <\/strong>&nbsp;Oscar Puentes.<\/p>\n<p><strong>SECRETARIO&nbsp; &nbsp;<\/strong>Max Fari\u00f1as.<\/p>\n<p><strong>TESORERO<\/strong>&nbsp; &nbsp;Bayron Arcia.<\/p>\n<p><strong>FISCAL<\/strong>&nbsp; &nbsp; Esther Arcia.<\/p>\n<p><strong>FISCAL<\/strong>&nbsp; &nbsp; Marvin Allard.<\/p>\n<p><!-- \/wp:table --><\/p>\n<p><!-- wp:paragraph --><\/p>\n<p><!-- \/wp:paragraph --><\/p>\t\t\t\t\t\t<\/div>\n\t\t\t\t<\/div>\n\t\t\t\t\t<\/div>\n\t\t<\/div>\n\t\t\t\t\t<\/div>\n\t\t<\/section>\n\t\t\t\t<section class=\"elementor-section elementor-top-section elementor-element elementor-element-244d783 elementor-section-boxed elementor-section-height-default elementor-section-height-default\" data-id=\"244d783\" data-element_type=\"section\">\n\t\t\t\t\t\t<div class=\"elementor-container elementor-column-gap-default\">\n\t\t\t\t\t<div class=\"elementor-column elementor-col-100 elementor-top-column elementor-element elementor-element-cf6817a\" data-id=\"cf6817a\" data-element_type=\"column\">\n\t\t\t<div class=\"elementor-widget-wrap elementor-element-populated\">\n\t\t\t\t\t\t<div class=\"elementor-element elementor-element-6de4630 elementor-arrows-position-inside elementor-pagination-position-outside elementor-widget elementor-widget-image-carousel\" data-id=\"6de4630\" data-element_type=\"widget\" data-settings=\"{&quot;slides_to_show&quot;:&quot;1&quot;,&quot;speed&quot;:386,&quot;navigation&quot;:&quot;both&quot;,&quot;autoplay&quot;:&quot;yes&quot;,&quot;pause_on_hover&quot;:&quot;yes&quot;,&quot;pause_on_interaction&quot;:&quot;yes&quot;,&quot;autoplay_speed&quot;:5000,&quot;infinite&quot;:&quot;yes&quot;,&quot;effect&quot;:&quot;slide&quot;}\" data-widget_type=\"image-carousel.default\">\n\t\t\t\t<div class=\"elementor-widget-container\">\n\t\t\t\t\t<div class=\"elementor-image-carousel-wrapper swiper\" dir=\"ltr\">\n\t\t\t<div class=\"elementor-image-carousel swiper-wrapper swiper-image-stretch\" aria-live=\"off\">\n\t\t\t\t\t\t\t\t<div class=\"swiper-slide\" role=\"group\" aria-roledescription=\"slide\" aria-label=\"1 de 8\"><figure class=\"swiper-slide-inner\"><img decoding=\"async\" class=\"swiper-slide-image\" src=\"https:\/\/rivascf.com\/wp-content\/uploads\/2021\/07\/120613183_2078800248919222_1362065511443909775_n.jpg\" alt=\"120613183_2078800248919222_1362065511443909775_n\" \/><\/figure><\/div><div class=\"swiper-slide\" role=\"group\" aria-roledescription=\"slide\" aria-label=\"2 de 8\"><figure class=\"swiper-slide-inner\"><img decoding=\"async\" class=\"swiper-slide-image\" src=\"https:\/\/rivascf.com\/wp-content\/uploads\/2021\/11\/DSCF7159.jpg\" alt=\"DSCF7159\" \/><\/figure><\/div><div class=\"swiper-slide\" role=\"group\" aria-roledescription=\"slide\" aria-label=\"3 de 8\"><figure class=\"swiper-slide-inner\"><img decoding=\"async\" class=\"swiper-slide-image\" src=\"https:\/\/rivascf.com\/wp-content\/uploads\/2021\/11\/masatepe-vs-rivas.png\" alt=\"masatepe vs rivas\" \/><\/figure><\/div><div class=\"swiper-slide\" role=\"group\" aria-roledescription=\"slide\" aria-label=\"4 de 8\"><figure class=\"swiper-slide-inner\"><img decoding=\"async\" class=\"swiper-slide-image\" src=\"https:\/\/rivascf.com\/wp-content\/uploads\/2021\/11\/DSCF7151.jpg\" alt=\"DSCF7151\" \/><\/figure><\/div><div class=\"swiper-slide\" role=\"group\" aria-roledescription=\"slide\" aria-label=\"5 de 8\"><figure class=\"swiper-slide-inner\"><img decoding=\"async\" class=\"swiper-slide-image\" src=\"https:\/\/rivascf.com\/wp-content\/uploads\/2021\/11\/DSCF7157.jpg\" alt=\"DSCF7157\" \/><\/figure><\/div><div class=\"swiper-slide\" role=\"group\" aria-roledescription=\"slide\" aria-label=\"6 de 8\"><figure class=\"swiper-slide-inner\"><img decoding=\"async\" class=\"swiper-slide-image\" src=\"https:\/\/rivascf.com\/wp-content\/uploads\/2021\/11\/DSCF7150.jpg\" alt=\"DSCF7150\" \/><\/figure><\/div><div class=\"swiper-slide\" role=\"group\" aria-roledescription=\"slide\" aria-label=\"7 de 8\"><figure class=\"swiper-slide-inner\"><img decoding=\"async\" class=\"swiper-slide-image\" src=\"https:\/\/rivascf.com\/wp-content\/uploads\/2021\/11\/DSCF7127.jpg\" alt=\"DSCF7127\" \/><\/figure><\/div><div class=\"swiper-slide\" role=\"group\" aria-roledescription=\"slide\" aria-label=\"8 de 8\"><figure class=\"swiper-slide-inner\"><img decoding=\"async\" class=\"swiper-slide-image\" src=\"https:\/\/rivascf.com\/wp-content\/uploads\/2021\/11\/DSCF7121.jpg\" alt=\"DSCF7121\" \/><\/figure><\/div>\t\t\t<\/div>\n\t\t\t\t\t\t\t\t\t\t\t\t<div class=\"elementor-swiper-button elementor-swiper-button-prev\" role=\"button\" tabindex=\"0\">\n\t\t\t\t\t\t<i aria-hidden=\"true\" class=\"eicon-chevron-left\"><\/i>\t\t\t\t\t<\/div>\n\t\t\t\t\t<div class=\"elementor-swiper-button elementor-swiper-button-next\" role=\"button\" tabindex=\"0\">\n\t\t\t\t\t\t<i aria-hidden=\"true\" class=\"eicon-chevron-right\"><\/i>\t\t\t\t\t<\/div>\n\t\t\t\t\n\t\t\t\t\t\t\t\t\t<div class=\"swiper-pagination\"><\/div>\n\t\t\t\t\t\t\t\t\t<\/div>\n\t\t\t\t<\/div>\n\t\t\t\t<\/div>\n\t\t\t\t\t<\/div>\n\t\t<\/div>\n\t\t\t\t\t<\/div>\n\t\t<\/section>\n\t\t\t\t<\/div>\n\t\t","protected":false},"excerpt":{"rendered":"<p>Rivas Club de F\u00fatbol es un club representativo del departamento de Rivas, fundado en 2017 por Guillermo Ganet (ESP), Giovanni Caprotti (ITA) y Carlos Fari\u00f1as (Nicaragua), logr\u00f3 su ascenso a la segunda divisi\u00f3n nacional de f\u00fatbol en 2020, actualmente cuenta con futbolistas de todos los municipios de Rivas, juega como local en el Estadio Tom\u00e1s<\/p>\n<a href=\"https:\/\/rivascf.com\/?page_id=62\" class=\"btn frontech-btn\"><span><\/span>Leer m\u00e1s<\/a>","protected":false},"author":1,"featured_media":0,"parent":0,"menu_order":0,"comment_status":"closed","ping_status":"closed","template":"","meta":{"footnotes":""},"class_list":["post-62","page","type-page","status-publish","hentry"],"_links":{"self":[{"href":"https:\/\/rivascf.com\/index.php?rest_route=\/wp\/v2\/pages\/62","targetHints":{"allow":["GET"]}}],"collection":[{"href":"https:\/\/rivascf.com\/index.php?rest_route=\/wp\/v2\/pages"}],"about":[{"href":"https:\/\/rivascf.com\/index.php?rest_route=\/wp\/v2\/types\/page"}],"author":[{"embeddable":true,"href":"https:\/\/rivascf.com\/index.php?rest_route=\/wp\/v2\/users\/1"}],"replies":[{"embeddable":true,"href":"https:\/\/rivascf.com\/index.php?rest_route=%2Fwp%2Fv2%2Fcomments&post=62"}],"version-history":[{"count":37,"href":"https:\/\/rivascf.com\/index.php?rest_route=\/wp\/v2\/pages\/62\/revisions"}],"predecessor-version":[{"id":831,"href":"https:\/\/rivascf.com\/index.php?rest_route=\/wp\/v2\/pages\/62\/revisions\/831"}],"wp:attachment":[{"href":"https:\/\/rivascf.com\/index.php?rest_route=%2Fwp%2Fv2%2Fmedia&parent=62"}],"curies":[{"name":"wp","href":"https:\/\/api.w.org\/{rel}","templated":true}]}}