{"id":67,"date":"2020-11-12T16:47:24","date_gmt":"2020-11-12T16:47:24","guid":{"rendered":"https:\/\/rivascf.com\/?page_id=67"},"modified":"2020-11-12T17:57:59","modified_gmt":"2020-11-12T17:57:59","slug":"noticias","status":"publish","type":"page","link":"https:\/\/rivascf.com\/?page_id=67","title":{"rendered":"Noticias"},"content":{"rendered":"<ul class=\"wp-block-latest-posts__list has-dates aligncenter wp-block-latest-posts\"><li><div class=\"wp-block-latest-posts__featured-image aligncenter\"><img fetchpriority=\"high\" decoding=\"async\" width=\"819\" height=\"1024\" src=\"https:\/\/rivascf.com\/wp-content\/uploads\/2026\/02\/Yellow-and-Black-Modern-Player-of-the-Match-Instagram-Post-819x1024.png\" class=\"attachment-large size-large wp-post-image\" alt=\"\" style=\"\" srcset=\"https:\/\/rivascf.com\/wp-content\/uploads\/2026\/02\/Yellow-and-Black-Modern-Player-of-the-Match-Instagram-Post-819x1024.png 819w, https:\/\/rivascf.com\/wp-content\/uploads\/2026\/02\/Yellow-and-Black-Modern-Player-of-the-Match-Instagram-Post-240x300.png 240w, https:\/\/rivascf.com\/wp-content\/uploads\/2026\/02\/Yellow-and-Black-Modern-Player-of-the-Match-Instagram-Post-768x960.png 768w, https:\/\/rivascf.com\/wp-content\/uploads\/2026\/02\/Yellow-and-Black-Modern-Player-of-the-Match-Instagram-Post.png 1080w\" sizes=\"(max-width: 819px) 100vw, 819px\" \/><\/div><a class=\"wp-block-latest-posts__post-title\" href=\"https:\/\/rivascf.com\/?p=940\">Felipe Puentes al Viejo Continente.<\/a><time datetime=\"2026-02-20T17:27:52+00:00\" class=\"wp-block-latest-posts__post-date\">20 de febrero de 2026<\/time><div class=\"wp-block-latest-posts__post-excerpt\">Felipe Puentes (COL\/CAN), cuya ficha le pertenece a Rivas Club de Futbol viaja este viernes para incorporarse en las filas del SKS Pogo\u0144 Skwierzyna de Polonia, El club se fund\u00f3 en 1946 y, a principios de la d\u00e9cada de 1950, funcion\u00f3 como una filial de la Asociaci\u00f3n Deportiva \u00abUnia\u00bb en Skwierzyna, con el apoyo de<\/div><\/li>\n<li><div class=\"wp-block-latest-posts__featured-image aligncenter\"><img decoding=\"async\" width=\"835\" height=\"700\" src=\"https:\/\/rivascf.com\/wp-content\/uploads\/2025\/01\/all-stars-17.png\" class=\"attachment-large size-large wp-post-image\" alt=\"\" style=\"\" srcset=\"https:\/\/rivascf.com\/wp-content\/uploads\/2025\/01\/all-stars-17.png 940w, https:\/\/rivascf.com\/wp-content\/uploads\/2025\/01\/all-stars-17-300x251.png 300w, https:\/\/rivascf.com\/wp-content\/uploads\/2025\/01\/all-stars-17-768x644.png 768w\" sizes=\"(max-width: 835px) 100vw, 835px\" \/><\/div><a class=\"wp-block-latest-posts__post-title\" href=\"https:\/\/rivascf.com\/?p=883\">Los Toros en la lucha por el ascenso!<\/a><time datetime=\"2026-02-19T01:06:00+00:00\" class=\"wp-block-latest-posts__post-date\">19 de febrero de 2026<\/time><div class=\"wp-block-latest-posts__post-excerpt\">Rivas CF, se mantiene firme en las posiciones altas de la tabla general, y en la jornada 4 es fundamental mantenga su buen paso para sostenerse en posiciones de ascendo directo, asi que el duelo de visita en la capital ante Atl\u00e9tico FC ser\u00e1 de mucha importancia para mantener los objetivos intactos.<\/div><\/li>\n<li><div class=\"wp-block-latest-posts__featured-image aligncenter\"><img decoding=\"async\" width=\"835\" height=\"626\" src=\"https:\/\/rivascf.com\/wp-content\/uploads\/2026\/02\/IMG_20260201_101033-1024x768.jpg\" class=\"attachment-large size-large wp-post-image\" alt=\"\" style=\"\" srcset=\"https:\/\/rivascf.com\/wp-content\/uploads\/2026\/02\/IMG_20260201_101033-1024x768.jpg 1024w, https:\/\/rivascf.com\/wp-content\/uploads\/2026\/02\/IMG_20260201_101033-300x225.jpg 300w, https:\/\/rivascf.com\/wp-content\/uploads\/2026\/02\/IMG_20260201_101033-768x576.jpg 768w, https:\/\/rivascf.com\/wp-content\/uploads\/2026\/02\/IMG_20260201_101033.jpg 1215w\" sizes=\"(max-width: 835px) 100vw, 835px\" \/><\/div><a class=\"wp-block-latest-posts__post-title\" href=\"https:\/\/rivascf.com\/?p=936\">Los Toros Arrancan con pie derecho el Clausura.<\/a><time datetime=\"2026-02-03T21:27:53+00:00\" class=\"wp-block-latest-posts__post-date\">3 de febrero de 2026<\/time><div class=\"wp-block-latest-posts__post-excerpt\">Los Toros visitaron este domingo el Estadio Arnoldo y Matty Ch\u00e1vez con la misi\u00f3n de sumar puntos en el debut del torneo de Clausura, donde se terminaron imponiendo por marcador de 2-1 a su similar de Comarcas del Sur FC, en la Jornada 1. El encuentro fue un encuentro un poco gris para los toros,<\/div><\/li>\n<\/ul>\n\n\n<p class=\"has-black-color has-text-color\"><\/p>\n","protected":false},"excerpt":{"rendered":"<a href=\"https:\/\/rivascf.com\/?page_id=67\" class=\"btn frontech-btn\"><span><\/span>Leer m\u00e1s<\/a>","protected":false},"author":1,"featured_media":0,"parent":0,"menu_order":0,"comment_status":"closed","ping_status":"closed","template":"","meta":{"footnotes":""},"class_list":["post-67","page","type-page","status-publish","hentry"],"_links":{"self":[{"href":"https:\/\/rivascf.com\/index.php?rest_route=\/wp\/v2\/pages\/67","targetHints":{"allow":["GET"]}}],"collection":[{"href":"https:\/\/rivascf.com\/index.php?rest_route=\/wp\/v2\/pages"}],"about":[{"href":"https:\/\/rivascf.com\/index.php?rest_route=\/wp\/v2\/types\/page"}],"author":[{"embeddable":true,"href":"https:\/\/rivascf.com\/index.php?rest_route=\/wp\/v2\/users\/1"}],"replies":[{"embeddable":true,"href":"https:\/\/rivascf.com\/index.php?rest_route=%2Fwp%2Fv2%2Fcomments&post=67"}],"version-history":[{"count":2,"href":"https:\/\/rivascf.com\/index.php?rest_route=\/wp\/v2\/pages\/67\/revisions"}],"predecessor-version":[{"id":108,"href":"https:\/\/rivascf.com\/index.php?rest_route=\/wp\/v2\/pages\/67\/revisions\/108"}],"wp:attachment":[{"href":"https:\/\/rivascf.com\/index.php?rest_route=%2Fwp%2Fv2%2Fmedia&parent=67"}],"curies":[{"name":"wp","href":"https:\/\/api.w.org\/{rel}","templated":true}]}}